{"id":10562,"date":"2023-08-16T16:22:48","date_gmt":"2023-08-16T10:22:48","guid":{"rendered":"https:\/\/hostim.themetags.com\/?page_id=10562"},"modified":"2025-09-10T15:22:41","modified_gmt":"2025-09-10T19:22:41","slug":"sms-marketing","status":"publish","type":"page","link":"https:\/\/bwatmesaj.com\/fr\/sms-marketing\/","title":{"rendered":"marketing SMS en masse"},"content":{"rendered":"<div data-elementor-type=\"wp-page\" data-elementor-id=\"10562\" class=\"elementor elementor-10562\">\n\t\t\t\t<div class=\"elementor-element elementor-element-df7723f e-con-full e-flex e-con e-parent\" data-id=\"df7723f\" data-element_type=\"container\" data-e-type=\"container\">\n\t\t\t\t<div class=\"elementor-element elementor-element-3588539 elementor-widget elementor-widget-html\" data-id=\"3588539\" data-element_type=\"widget\" data-e-type=\"widget\" data-widget_type=\"html.default\">\n\t\t\t\t<div class=\"elementor-widget-container\">\n\t\t\t\t\t<!DOCTYPE html>\r\n<html lang=\"fr\">\r\n<head>\r\n    <meta charset=\"UTF-8\">\r\n    <meta name=\"viewport\" content=\"width=device-width, initial-scale=1.0\">\r\n    <title>Bulk WhatsApp - Bwatmesaj<\/title>\r\n    <link rel=\"stylesheet\" href=\"https:\/\/cdnjs.cloudflare.com\/ajax\/libs\/font-awesome\/6.4.0\/css\/all.min.css\">\r\n    <link href=\"https:\/\/fonts.googleapis.com\/css2?family=Inter:wght@300;400;500;600;700;800&display=swap\" rel=\"stylesheet\">\r\n    <style>\r\n        :root {\r\n            --primary-color: #A83A29;\r\n            --primary-light: #D2493A;\r\n            --primary-dark: #8C2B1D;\r\n            --secondary-color: #000000;\r\n            --accent-color: #FF6B47;\r\n            --text-dark: #1E1E1E;\r\n            --text-light: #666666;\r\n            --text-white: #FFFFFF;\r\n            --bg-light: #F8F9FA;\r\n            --bg-white: #FFFFFF;\r\n            --bg-dark: #121212;\r\n            --gradient: linear-gradient(135deg, #A83A29 0%, #D2493A 100%);\r\n            --gradient-light: linear-gradient(135deg, rgba(168, 58, 41, 0.1) 0%, rgba(210, 73, 58, 0.1) 100%);\r\n            --shadow: 0 10px 40px rgba(168, 58, 41, 0.15);\r\n            --shadow-hover: 0 20px 60px rgba(168, 58, 41, 0.25);\r\n            --border-radius: 16px;\r\n            --transition: all 0.3s cubic-bezier(0.25, 0.8, 0.25, 1);\r\n        }\r\n\r\n        * {\r\n            margin: 0;\r\n            padding: 0;\r\n            box-sizing: border-box;\r\n        }\r\n\r\n        body {\r\n            font-family: 'Inter', sans-serif;\r\n            line-height: 1.6;\r\n            color: var(--text-dark);\r\n            overflow-x: hidden;\r\n            background-color: var(--bg-white);\r\n        }\r\n\r\n        .container {\r\n            max-width: 1200px;\r\n            margin: 0 auto;\r\n            padding: 60px 20px;\r\n        }\r\n\r\n        .section-header {\r\n            text-align: center;\r\n            margin-bottom: 60px;\r\n        }\r\n\r\n        .section-title {\r\n            font-size: 2.8rem;\r\n            font-weight: 800;\r\n            margin-bottom: 20px;\r\n            color: var(--secondary-color);\r\n        }\r\n\r\n        .section-subtitle {\r\n            font-size: 1.2rem;\r\n            color: var(--text-light);\r\n            max-width: 800px;\r\n            margin: 0 auto;\r\n            line-height: 1.6;\r\n        }\r\n\r\n        .highlight {\r\n            background: var(--gradient);\r\n            -webkit-background-clip: text;\r\n            -webkit-text-fill-color: transparent;\r\n            background-clip: text;\r\n        }\r\n\r\n        \/* Hero Section *\/\r\n        .whatsapp-hero {\r\n            background: var(--gradient);\r\n            padding: 100px 0;\r\n            color: white;\r\n            text-align: center;\r\n            position: relative;\r\n            overflow: hidden;\r\n        }\r\n\r\n        .whatsapp-hero::before {\r\n            content: '';\r\n            position: absolute;\r\n            top: 0;\r\n            left: 0;\r\n            right: 0;\r\n            bottom: 0;\r\n            background: url('data:image\/svg+xml,<svg xmlns=\"http:\/\/www.w3.org\/2000\/svg\" viewBox=\"0 0 100 100\"><defs><pattern id=\"grid\" width=\"10\" height=\"10\" patternUnits=\"userSpaceOnUse\"><path d=\"M 10 0 L 0 0 0 10\" fill=\"none\" stroke=\"rgba(255,255,255,0.1)\" stroke-width=\"0.5\"\/><\/pattern><\/defs><rect width=\"100\" height=\"100\" fill=\"url(%23grid)\"\/><\/svg>');\r\n            opacity: 0.3;\r\n        }\r\n\r\n        .whatsapp-hero-content {\r\n            max-width: 800px;\r\n            margin: 0 auto;\r\n            padding: 0 20px;\r\n            position: relative;\r\n            z-index: 2;\r\n        }\r\n\r\n        .whatsapp-hero h1 {\r\n            font-size: 3.5rem;\r\n            font-weight: 800;\r\n            margin-bottom: 20px;\r\n        }\r\n\r\n        .whatsapp-hero p {\r\n            font-size: 1.2rem;\r\n            opacity: 0.9;\r\n            margin-bottom: 40px;\r\n            line-height: 1.6;\r\n        }\r\n\r\n        \/* Features Section *\/\r\n        .features {\r\n            padding: 100px 0;\r\n            background: var(--bg-light);\r\n        }\r\n\r\n        .features-grid {\r\n            display: grid;\r\n            grid-template-columns: repeat(auto-fit, minmax(500px, 1fr));\r\n            gap: 40px;\r\n        }\r\n\r\n        .feature-card {\r\n            background: white;\r\n            padding: 40px;\r\n            border-radius: var(--border-radius);\r\n            box-shadow: var(--shadow);\r\n            transition: var(--transition);\r\n            display: flex;\r\n            align-items: flex-start;\r\n            gap: 25px;\r\n            border-left: 4px solid var(--primary-color);\r\n        }\r\n\r\n        .feature-card:hover {\r\n            transform: translateY(-5px);\r\n            box-shadow: var(--shadow-hover);\r\n        }\r\n\r\n        .feature-icon {\r\n            width: 80px;\r\n            height: 80px;\r\n            background: var(--gradient-light);\r\n            border-radius: 50%;\r\n            display: flex;\r\n            align-items: center;\r\n            justify-content: center;\r\n            flex-shrink: 0;\r\n        }\r\n\r\n        .feature-icon i {\r\n            font-size: 2rem;\r\n            color: var(--primary-color);\r\n        }\r\n\r\n        .feature-content h3 {\r\n            font-size: 1.4rem;\r\n            font-weight: 700;\r\n            margin-bottom: 15px;\r\n            color: var(--secondary-color);\r\n        }\r\n\r\n        .feature-content p {\r\n            color: var(--text-light);\r\n            line-height: 1.6;\r\n        }\r\n\r\n        \/* Image Section *\/\r\n        .image-section {\r\n            padding: 80px 0;\r\n            background: white;\r\n            text-align: center;\r\n        }\r\n\r\n        .image-container {\r\n            max-width: 900px;\r\n            margin: 0 auto;\r\n            border-radius: var(--border-radius);\r\n            overflow: hidden;\r\n            box-shadow: var(--shadow);\r\n        }\r\n\r\n        .image-container img {\r\n            width: 100%;\r\n            height: auto;\r\n            display: block;\r\n        }\r\n\r\n        \/* Offer Section *\/\r\n        .offer {\r\n            padding: 100px 0;\r\n            background: var(--gradient);\r\n            color: white;\r\n            text-align: center;\r\n            position: relative;\r\n            overflow: hidden;\r\n        }\r\n\r\n        .offer::before {\r\n            content: '';\r\n            position: absolute;\r\n            top: 0;\r\n            left: 0;\r\n            right: 0;\r\n            bottom: 0;\r\n            background: url('data:image\/svg+xml,<svg xmlns=\"http:\/\/www.w3.org\/2000\/svg\" viewBox=\"0 0 100 100\"><defs><pattern id=\"circles\" width=\"20\" height=\"20\" patternUnits=\"userSpaceOnUse\"><circle cx=\"10\" cy=\"10\" r=\"1\" fill=\"rgba(255,255,255,0.1)\"\/><\/pattern><\/defs><rect width=\"100\" height=\"100\" fill=\"url(%23circles)\"\/><\/svg>');\r\n        }\r\n\r\n        .offer-content {\r\n            max-width: 800px;\r\n            margin: 0 auto;\r\n            padding: 0 20px;\r\n            position: relative;\r\n            z-index: 2;\r\n        }\r\n\r\n        .offer h2 {\r\n            font-size: 2.8rem;\r\n            font-weight: 800;\r\n            margin-bottom: 20px;\r\n        }\r\n\r\n        .offer p {\r\n            font-size: 1.2rem;\r\n            opacity: 0.9;\r\n            margin-bottom: 40px;\r\n            line-height: 1.6;\r\n        }\r\n\r\n        .btn {\r\n            padding: 16px 32px;\r\n            border: none;\r\n            border-radius: 50px;\r\n            font-weight: 600;\r\n            font-size: 1rem;\r\n            cursor: pointer;\r\n            text-decoration: none;\r\n            display: inline-flex;\r\n            align-items: center;\r\n            gap: 10px;\r\n            transition: var(--transition);\r\n            text-align: center;\r\n            justify-content: center;\r\n        }\r\n\r\n        .btn-primary {\r\n            background: white;\r\n            color: var(--primary-color);\r\n            box-shadow: 0 8px 30px rgba(0, 0, 0, 0.2);\r\n        }\r\n\r\n        .btn-primary:hover {\r\n            transform: translateY(-3px);\r\n            box-shadow: 0 15px 40px rgba(0, 0, 0, 0.3);\r\n            background-color: black;\r\n        }\r\n\r\n        .btn-outline {\r\n            background: transparent;\r\n            color: white;\r\n            border: 2px solid rgba(255, 255, 255, 0.5);\r\n        }\r\n\r\n        .btn-outline:hover {\r\n            background: rgba(255, 255, 255, 0.1);\r\n            border-color: white;\r\n        }\r\n\r\n        \/* Brand Header *\/\r\n        .brand-header {\r\n            background: white;\r\n            padding: 20px 0;\r\n            box-shadow: 0 2px 10px rgba(0, 0, 0, 0.1);\r\n        }\r\n\r\n        .brand-container {\r\n            max-width: 1200px;\r\n            margin: 0 auto;\r\n            padding: 0 20px;\r\n            display: flex;\r\n            justify-content: space-between;\r\n            align-items: center;\r\n        }\r\n\r\n        .logo {\r\n            display: flex;\r\n            align-items: center;\r\n            gap: 10px;\r\n            text-decoration: none;\r\n        }\r\n\r\n        .logo img {\r\n            height: 40px;\r\n        }\r\n\r\n        .logo-text {\r\n            font-size: 1.5rem;\r\n            font-weight: 800;\r\n            color: var(--primary-color);\r\n        }\r\n\r\n        \/* Responsive *\/\r\n        @media (max-width: 1024px) {\r\n            .features-grid {\r\n                grid-template-columns: 1fr;\r\n            }\r\n        }\r\n\r\n        @media (max-width: 768px) {\r\n            .whatsapp-hero h1 {\r\n                font-size: 2.5rem;\r\n            }\r\n            \r\n            .section-title {\r\n                font-size: 2.2rem;\r\n            }\r\n            \r\n            .feature-card {\r\n                flex-direction: column;\r\n                text-align: center;\r\n                padding: 30px 20px;\r\n            }\r\n            \r\n            .feature-icon {\r\n                margin: 0 auto;\r\n            }\r\n        }\r\n\r\n        @media (max-width: 480px) {\r\n            .whatsapp-hero {\r\n                padding: 80px 0;\r\n            }\r\n            \r\n            .whatsapp-hero h1 {\r\n                font-size: 2rem;\r\n            }\r\n            \r\n            .section-title {\r\n                font-size: 1.8rem;\r\n            }\r\n            \r\n            .offer h2 {\r\n                font-size: 2.2rem;\r\n            }\r\n        }\r\n    <\/style>\r\n<\/head>\r\n<body>\r\n    <!-- Brand Header -->\r\n    <header class=\"brand-header\">\r\n        <div class=\"brand-container\">\r\n            <a href=\"#\" class=\"logo\">\r\n                <img decoding=\"async\" src=\"https:\/\/bwatmesaj.com\/wp-content\/uploads\/2023\/10\/logo.png\" alt=\"Bwatmesaj\">\r\n                \r\n            <\/a>\r\n        <\/div>\r\n    <\/header>\r\n\r\n    <!-- Hero Section -->\r\n    <section class=\"whatsapp-hero\">\r\n        <div class=\"whatsapp-hero-content\">\r\n            <h1>Qu\u2019est-ce que WhatsApp en masse ?<\/h1>\r\n            <p>Bulk WhatsApp est une solution de messagerie de masse qui permet aux entreprises d'envoyer de gros volumes de messages \u00e0 leurs clients ou prospects via WhatsApp. Cette m\u00e9thode est utilis\u00e9e pour partager rapidement des informations importantes, des promotions, des mises \u00e0 jour ou pour engager les utilisateurs via un canal de communication direct et largement utilis\u00e9.<\/p>\r\n        <\/div>\r\n    <\/section>\r\n\r\n    <!-- Features Section -->\r\n    <section class=\"features\">\r\n        <div class=\"container\">\r\n            <div class=\"section-header\">\r\n                <h2 class=\"section-title\">Benefits of <span class=\"highlight\">Bulk WhatsApp<\/span><\/h2>\r\n                <p class=\"section-subtitle\">Discover why businesses worldwide are choosing WhatsApp for their marketing campaigns<\/p>\r\n            <\/div>\r\n\r\n            <div class=\"features-grid\">\r\n                <div class=\"feature-card\">\r\n                    <div class=\"feature-icon\">\r\n                        <i class=\"fas fa-globe-americas\"><\/i>\r\n                    <\/div>\r\n                    <div class=\"feature-content\">\r\n                        <h3>Wide Reach and High Engagement<\/h3>\r\n                        <p>WhatsApp \u00e9tant l\u2019une des applications de messagerie les plus populaires au monde, elle garantit un taux d\u2019ouverture et un engagement \u00e9lev\u00e9s, permettant \u00e0 votre message d\u2019atteindre un public plus large.<\/p>\r\n                    <\/div>\r\n                <\/div>\r\n\r\n                <div class=\"feature-card\">\r\n                    <div class=\"feature-icon\">\r\n                        <i class=\"fas fa-user-check\"><\/i>\r\n                    <\/div>\r\n                    <div class=\"feature-content\">\r\n                        <h3>Personalization<\/h3>\r\n                        <p>Contrairement \u00e0 d'autres plateformes de communication de masse, Bulk WhatsApp vous permet de personnaliser vos messages, cr\u00e9ant ainsi une connexion plus authentique avec vos destinataires.<\/p>\r\n                    <\/div>\r\n                <\/div>\r\n\r\n                <div class=\"feature-card\">\r\n                    <div class=\"feature-icon\">\r\n                        <i class=\"fas fa-photo-video\"><\/i>\r\n                    <\/div>\r\n                    <div class=\"feature-content\">\r\n                        <h3>Multimedia Support<\/h3>\r\n                        <p>Vous pouvez envoyer des messages contenant du texte, des images, des vid\u00e9os, des documents, des liens et m\u00eame des fichiers audio, am\u00e9liorant ainsi l'impact de votre communication.<\/p>\r\n                    <\/div>\r\n                <\/div>\r\n\r\n                <div class=\"feature-card\">\r\n                    <div class=\"feature-icon\">\r\n                        <i class=\"fas fa-chart-line\"><\/i>\r\n                    <\/div>\r\n                    <div class=\"feature-content\">\r\n                        <h3>Cost-Effectiveness<\/h3>\r\n                        <p>Compar\u00e9 \u00e0 d\u2019autres m\u00e9thodes publicitaires, telles que les campagnes SMS ou e-mail, Bulk WhatsApp offre un excellent retour sur investissement en raison de son prix abordable et de son efficacit\u00e9.<\/p>\r\n                    <\/div>\r\n                <\/div>\r\n\r\n                <div class=\"feature-card\">\r\n                    <div class=\"feature-icon\">\r\n                        <i class=\"fas fa-bolt\"><\/i>\r\n                    <\/div>\r\n                    <div class=\"feature-content\">\r\n                        <h3>Rapidit\u00e9 et efficacit\u00e9<\/h3>\r\n                        <p>Cette solution vous permet d'envoyer des milliers de messages en quelques minutes, ce qui la rend id\u00e9ale pour les campagnes n\u00e9cessitant une diffusion imm\u00e9diate.<\/p>\r\n                    <\/div>\r\n                <\/div>\r\n\r\n                <div class=\"feature-card\">\r\n                    <div class=\"feature-icon\">\r\n                        <i class=\"fas fa-comments\"><\/i>\r\n                    <\/div>\r\n                    <div class=\"feature-content\">\r\n                        <h3>Real-Time Interaction<\/h3>\r\n                        <p>Les utilisateurs peuvent r\u00e9pondre directement aux messages, permettant une communication bidirectionnelle et renfor\u00e7ant les relations avec les clients.<\/p>\r\n                    <\/div>\r\n                <\/div>\r\n            <\/div>\r\n        <\/div>\r\n    <\/section>\r\n\r\n    <!-- Image Section -->\r\n    <section class=\"image-section\">\r\n        <div class=\"container\">\r\n            <div class=\"image-container\">\r\n                <img decoding=\"async\" src=\"https:\/\/bwatmesaj.com\/wp-content\/uploads\/2024\/12\/sms-marketing.png\" alt=\"WhatsApp Marketing\">\r\n            <\/div>\r\n        <\/div>\r\n    <\/section>\r\n\r\n    <!-- Offer Section -->\r\n    <section class=\"offer\">\r\n        <div class=\"offer-content\">\r\n            <h2>Ce que nous proposons chez Bwatmesaj<\/h2>\r\n            <p>Bwatmesaj provides all the Bulk SMS and Bulk WhatsApp marketing options above, empowering businesses to select the strategies that best suit their goals.<\/p>\r\n            <p>Des campagnes personnalis\u00e9es au suivi d\u00e9taill\u00e9 et aux solutions rentables, nous veillons \u00e0 ce que vous disposiez des outils n\u00e9cessaires pour maximiser l'engagement client et les revenus.<\/p>\r\n            <a href=\"https:\/\/main.bwatmesaj.com\/register\" class=\"btn btn-primary\">\r\n                <i class=\"fas fa-paper-plane\"><\/i>\r\n                Register Now to Start Leveraging WhatsApp\r\n            <\/a>\r\n        <\/div>\r\n    <\/section>\r\n\r\n    <script>\r\n        document.addEventListener('DOMContentLoaded', function() {\r\n            \/\/ Animation on scroll\r\n            const observerOptions = {\r\n                threshold: 0.1,\r\n                rootMargin: '0px 0px -50px 0px'\r\n            };\r\n\r\n            const observer = new IntersectionObserver((entries) => {\r\n                entries.forEach(entry => {\r\n                    if (entry.isIntersecting) {\r\n                        entry.target.style.animation = 'fadeInUp 0.8s ease-out forwards';\r\n                        observer.unobserve(entry.target);\r\n                    }\r\n                });\r\n            }, observerOptions);\r\n\r\n            \/\/ Observe all feature cards\r\n            document.querySelectorAll('.feature-card').forEach(card => {\r\n                card.style.opacity = '0';\r\n                card.style.transform = 'translateY(30px)';\r\n                observer.observe(card);\r\n            });\r\n\r\n            \/\/ Add animation keyframes\r\n            const style = document.createElement('style');\r\n            style.textContent = `\r\n                @keyframes fadeInUp {\r\n                    from { opacity: 0; transform: translateY(30px); }\r\n                    to { opacity: 1; transform: translateY(0); }\r\n                }\r\n            `;\r\n            document.head.appendChild(style);\r\n        });\r\n    <\/script>\r\n<\/body>\r\n<\/html>\t\t\t\t<\/div>\n\t\t\t\t<\/div>\n\t\t\t\t<\/div>\n\t\t\t\t<\/div>","protected":false},"excerpt":{"rendered":"<p>Bulk WhatsApp &#8211; Bwatmesaj What is Bulk WhatsApp? Bulk WhatsApp is a mass messaging solution that allows businesses to send large volumes of messages to their customers or prospects via WhatsApp. This method is used to quickly share important information, promotions, updates, or to engage users through a direct and widely-used communication channel. Benefits of [&hellip;]<\/p>\n","protected":false},"author":1,"featured_media":0,"parent":0,"menu_order":0,"comment_status":"closed","ping_status":"closed","template":"elementor_header_footer","meta":{"footnotes":""},"class_list":["post-10562","page","type-page","status-publish","hentry"],"_links":{"self":[{"href":"https:\/\/bwatmesaj.com\/fr\/wp-json\/wp\/v2\/pages\/10562","targetHints":{"allow":["GET"]}}],"collection":[{"href":"https:\/\/bwatmesaj.com\/fr\/wp-json\/wp\/v2\/pages"}],"about":[{"href":"https:\/\/bwatmesaj.com\/fr\/wp-json\/wp\/v2\/types\/page"}],"author":[{"embeddable":true,"href":"https:\/\/bwatmesaj.com\/fr\/wp-json\/wp\/v2\/users\/1"}],"replies":[{"embeddable":true,"href":"https:\/\/bwatmesaj.com\/fr\/wp-json\/wp\/v2\/comments?post=10562"}],"version-history":[{"count":23,"href":"https:\/\/bwatmesaj.com\/fr\/wp-json\/wp\/v2\/pages\/10562\/revisions"}],"predecessor-version":[{"id":18350,"href":"https:\/\/bwatmesaj.com\/fr\/wp-json\/wp\/v2\/pages\/10562\/revisions\/18350"}],"wp:attachment":[{"href":"https:\/\/bwatmesaj.com\/fr\/wp-json\/wp\/v2\/media?parent=10562"}],"curies":[{"name":"wp","href":"https:\/\/api.w.org\/{rel}","templated":true}]}}