{"id":10664,"date":"2023-08-19T11:11:45","date_gmt":"2023-08-19T05:11:45","guid":{"rendered":"https:\/\/hostim.themetags.com\/?page_id=10664"},"modified":"2025-09-10T16:10:20","modified_gmt":"2025-09-10T20:10:20","slug":"allcontact","status":"publish","type":"page","link":"https:\/\/bwatmesaj.com\/fr\/allcontact\/","title":{"rendered":"Contact Us"},"content":{"rendered":"\t\t<div data-elementor-type=\"wp-page\" data-elementor-id=\"10664\" class=\"elementor elementor-10664\">\n\t\t\t\t<div class=\"elementor-element elementor-element-a478158 e-con-full e-flex e-con e-parent\" data-id=\"a478158\" data-element_type=\"container\" data-e-type=\"container\">\n\t\t\t\t<div class=\"elementor-element elementor-element-d629c7a elementor-widget elementor-widget-html\" data-id=\"d629c7a\" data-element_type=\"widget\" data-e-type=\"widget\" data-widget_type=\"html.default\">\n\t\t\t\t<div class=\"elementor-widget-container\">\n\t\t\t\t\t<!DOCTYPE html>\r\n<html lang=\"fr\">\r\n<head>\r\n    <meta charset=\"UTF-8\">\r\n    <meta name=\"viewport\" content=\"width=device-width, initial-scale=1.0\">\r\n    <title>Contact - Bwatmesaj<\/title>\r\n    <link rel=\"stylesheet\" href=\"https:\/\/cdnjs.cloudflare.com\/ajax\/libs\/font-awesome\/6.4.0\/css\/all.min.css\">\r\n    <link href=\"https:\/\/fonts.googleapis.com\/css2?family=Inter:wght@300;400;500;600;700;800&display=swap\" rel=\"stylesheet\">\r\n    <style>\r\n        :root {\r\n            --primary-color: #A83A29;\r\n            --primary-light: #D2493A;\r\n            --primary-dark: #8C2B1D;\r\n            --secondary-color: #000000;\r\n            --accent-color: #FF6B47;\r\n            --text-dark: #1E1E1E;\r\n            --text-light: #666666;\r\n            --text-white: #FFFFFF;\r\n            --bg-light: #F8F9FA;\r\n            --bg-white: #FFFFFF;\r\n            --bg-dark: #121212;\r\n            --gradient: linear-gradient(135deg, #A83A29 0%, #D2493A 100%);\r\n            --gradient-light: linear-gradient(135deg, rgba(168, 58, 41, 0.1) 0%, rgba(210, 73, 58, 0.1) 100%);\r\n            --shadow: 0 10px 40px rgba(168, 58, 41, 0.15);\r\n            --shadow-hover: 0 20px 60px rgba(168, 58, 41, 0.25);\r\n            --border-radius: 16px;\r\n            --transition: all 0.3s cubic-bezier(0.25, 0.8, 0.25, 1);\r\n        }\r\n\r\n      \r\n    \r\n        .section-header {\r\n            text-align: center;\r\n            margin-bottom: 60px;\r\n        }\r\n\r\n        .section-title {\r\n            font-size: 2.8rem;\r\n            font-weight: 800;\r\n            margin-bottom: 20px;\r\n            color: var(--secondary-color);\r\n        }\r\n\r\n        .section-subtitle {\r\n            font-size: 1.2rem;\r\n            color: var(--text-light);\r\n            max-width: 800px;\r\n            margin: 0 auto;\r\n            line-height: 1.6;\r\n        }\r\n\r\n        .highlight {\r\n            background: var(--gradient);\r\n            -webkit-background-clip: text;\r\n            -webkit-text-fill-color: transparent;\r\n            background-clip: text;\r\n        }\r\n\r\n        mark {\r\n            background: var(--gradient);\r\n            color: white;\r\n            padding: 2px 8px;\r\n            border-radius: 4px;\r\n        }\r\n\r\n        \/* Hero Section *\/\r\n        .contact-hero {\r\n            background: var(--gradient);\r\n            padding: 100px 0;\r\n            color: white;\r\n            text-align: center;\r\n            position: relative;\r\n            overflow: hidden;\r\n        }\r\n\r\n        .contact-hero::before {\r\n            content: '';\r\n            position: absolute;\r\n            top: 0;\r\n            left: 0;\r\n            right: 0;\r\n            bottom: 0;\r\n            background: url('data:image\/svg+xml,<svg xmlns=\"http:\/\/www.w3.org\/2000\/svg\" viewBox=\"0 0 100 100\"><defs><pattern id=\"grid\" width=\"10\" height=\"10\" patternUnits=\"userSpaceOnUse\"><path d=\"M 10 0 L 0 0 0 10\" fill=\"none\" stroke=\"rgba(255,255,255,0.1)\" stroke-width=\"0.5\"\/><\/pattern><\/defs><rect width=\"100\" height=\"100\" fill=\"url(%23grid)\"\/><\/svg>');\r\n            opacity: 0.3;\r\n        }\r\n\r\n        .contact-hero-content {\r\n            max-width: 800px;\r\n            margin: 0 auto;\r\n            padding: 0 20px;\r\n            position: relative;\r\n            z-index: 2;\r\n        }\r\n\r\n        .contact-hero h1 {\r\n            font-size: 3.5rem;\r\n            font-weight: 800;\r\n            margin-bottom: 20px;\r\n        }\r\n\r\n        .contact-hero p {\r\n            font-size: 1.2rem;\r\n            opacity: 0.9;\r\n            margin-bottom: 40px;\r\n            line-height: 1.6;\r\n        }\r\n\r\n        \/* Contact Info Section *\/\r\n        .contact-info {\r\n            padding: 100px 0;\r\n            background: var(--bg-light);\r\n        }\r\n\r\n        .contact-grid {\r\n            display: grid;\r\n            grid-template-columns: repeat(auto-fit, minmax(300px, 1fr));\r\n            gap: 40px;\r\n        }\r\n\r\n        .contact-card {\r\n            background: white;\r\n            padding: 40px 30px;\r\n            border-radius: var(--border-radius);\r\n            box-shadow: var(--shadow);\r\n            transition: var(--transition);\r\n            text-align: center;\r\n            border-top: 4px solid var(--primary-color);\r\n        }\r\n\r\n        .contact-card:hover {\r\n            transform: translateY(-5px);\r\n            box-shadow: var(--shadow-hover);\r\n        }\r\n\r\n        .contact-icon {\r\n            width: 80px;\r\n            height: 80px;\r\n            background: var(--gradient-light);\r\n            border-radius: 50%;\r\n            display: flex;\r\n            align-items: center;\r\n            justify-content: center;\r\n            margin: 0 auto 25px;\r\n        }\r\n\r\n        .contact-icon i {\r\n            font-size: 2rem;\r\n            color: var(--primary-color);\r\n        }\r\n\r\n        .contact-card h3 {\r\n            font-size: 1.4rem;\r\n            font-weight: 700;\r\n            margin-bottom: 15px;\r\n            color: var(--secondary-color);\r\n        }\r\n\r\n        .contact-card p {\r\n            color: var(--text-light);\r\n            line-height: 1.6;\r\n            margin-bottom: 10px;\r\n        }\r\n\r\n        .contact-card a {\r\n            color: var(--primary-color);\r\n            text-decoration: none;\r\n            font-weight: 600;\r\n            transition: var(--transition);\r\n        }\r\n\r\n        .contact-card a:hover {\r\n            color: var(--primary-dark);\r\n        }\r\n\r\n        \/* Messaging Apps Section *\/\r\n        .messaging-apps {\r\n            padding: 100px 0;\r\n            background: white;\r\n        }\r\n\r\n        .apps-container {\r\n            text-align: center;\r\n            max-width: 800px;\r\n            margin: 0 auto;\r\n        }\r\n\r\n        .apps-title {\r\n            font-size: 2.2rem;\r\n            font-weight: 800;\r\n            margin-bottom: 20px;\r\n            color: var(--secondary-color);\r\n        }\r\n\r\n        .apps-subtitle {\r\n            font-size: 1.1rem;\r\n            color: var(--text-light);\r\n            margin-bottom: 40px;\r\n            line-height: 1.6;\r\n        }\r\n\r\n        .apps-grid {\r\n            display: flex;\r\n            justify-content: center;\r\n            gap: 30px;\r\n            flex-wrap: wrap;\r\n            margin-bottom: 50px;\r\n        }\r\n\r\n        .app-card {\r\n            background: var(--bg-light);\r\n            padding: 25px;\r\n            border-radius: var(--border-radius);\r\n            transition: var(--transition);\r\n            width: 150px;\r\n        }\r\n\r\n        .app-card:hover {\r\n            transform: translateY(-5px);\r\n            box-shadow: var(--shadow);\r\n        }\r\n\r\n        .app-icon {\r\n            width: 60px;\r\n            height: 60px;\r\n            margin: 0 auto 15px;\r\n        }\r\n\r\n        .app-icon img {\r\n            width: 100%;\r\n            height: auto;\r\n        }\r\n\r\n        .app-name {\r\n            font-weight: 600;\r\n            color: var(--secondary-color);\r\n        }\r\n\r\n        \/* Contact Form Section *\/\r\n        .contact-form-section {\r\n            padding: 100px 0;\r\n            background: var(--bg-light);\r\n        }\r\n\r\n        .form-container {\r\n            max-width: 800px;\r\n            margin: 0 auto;\r\n            background: white;\r\n            padding: 50px;\r\n            border-radius: var(--border-radius);\r\n            box-shadow: var(--shadow);\r\n        }\r\n\r\n        .form-title {\r\n            font-size: 2.2rem;\r\n            font-weight: 800;\r\n            margin-bottom: 20px;\r\n            color: var(--secondary-color);\r\n            text-align: center;\r\n        }\r\n\r\n        .form-subtitle {\r\n            font-size: 1.1rem;\r\n            color: var(--text-light);\r\n            margin-bottom: 40px;\r\n            text-align: center;\r\n            line-height: 1.6;\r\n        }\r\n\r\n        .form-placeholder {\r\n            background: var(--gradient-light);\r\n            padding: 60px 30px;\r\n            border-radius: var(--border-radius);\r\n            text-align: center;\r\n            color: var(--text-light);\r\n            border: 2px dashed var(--primary-light);\r\n        }\r\n\r\n        .form-placeholder i {\r\n            font-size: 3rem;\r\n            color: var(--primary-color);\r\n            margin-bottom: 20px;\r\n        }\r\n\r\n        .form-placeholder p {\r\n            font-size: 1.1rem;\r\n            margin-bottom: 30px;\r\n        }\r\n\r\n        \/* Live Chat Section *\/\r\n        .live-chat {\r\n            padding: 100px 0;\r\n            background: var(--gradient);\r\n            color: white;\r\n            text-align: center;\r\n        }\r\n\r\n        .live-chat-content {\r\n            max-width: 800px;\r\n            margin: 0 auto;\r\n            padding: 0 20px;\r\n        }\r\n\r\n        .live-chat h2 {\r\n            font-size: 2.5rem;\r\n            font-weight: 800;\r\n            margin-bottom: 20px;\r\n        }\r\n\r\n        .live-chat p {\r\n            font-size: 1.2rem;\r\n            opacity: 0.9;\r\n            margin-bottom: 40px;\r\n            line-height: 1.6;\r\n        }\r\n\r\n        .btn {\r\n            padding: 16px 32px;\r\n            border: none;\r\n            border-radius: 50px;\r\n            font-weight: 600;\r\n            font-size: 1rem;\r\n            cursor: pointer;\r\n            text-decoration: none;\r\n            display: inline-flex;\r\n            align-items: center;\r\n            gap: 10px;\r\n            transition: var(--transition);\r\n            text-align: center;\r\n            justify-content: center;\r\n        }\r\n\r\n        .btn-primary {\r\n            background: white;\r\n            color: var(--primary-color);\r\n            box-shadow: 0 8px 30px rgba(0, 0, 0, 0.2);\r\n        }\r\n\r\n        .btn-primary:hover {\r\n            transform: translateY(-3px);\r\n            box-shadow: 0 15px 40px rgba(0, 0, 0, 0.3);\r\n        }\r\n\r\n        .btn-outline {\r\n            background: transparent;\r\n            color: white;\r\n            border: 2px solid rgba(255, 255, 255, 0.5);\r\n        }\r\n\r\n        .btn-outline:hover {\r\n            background: rgba(255, 255, 255, 0.1);\r\n            border-color: white;\r\n        }\r\n\r\n        \/* Brand Header *\/\r\n        .brand-header {\r\n            background: white;\r\n            padding: 20px 0;\r\n            box-shadow: 0 2px 10px rgba(0, 0, 0, 0.1);\r\n        }\r\n\r\n        .brand-container {\r\n            max-width: 1200px;\r\n            margin: 0 auto;\r\n            padding: 0 20px;\r\n            display: flex;\r\n            justify-content: space-between;\r\n            align-items: center;\r\n        }\r\n\r\n        .logo {\r\n            display: flex;\r\n            align-items: center;\r\n            gap: 10px;\r\n            text-decoration: none;\r\n        }\r\n\r\n        .logo img {\r\n            height: 40px;\r\n        }\r\n\r\n        .logo-text {\r\n            font-size: 1.5rem;\r\n            font-weight: 800;\r\n            color: var(--primary-color);\r\n        }\r\n\r\n        \/* Responsive *\/\r\n        @media (max-width: 1024px) {\r\n            .contact-grid {\r\n                grid-template-columns: repeat(2, 1fr);\r\n            }\r\n        }\r\n\r\n        @media (max-width: 768px) {\r\n            .contact-hero h1 {\r\n                font-size: 2.5rem;\r\n            }\r\n            \r\n            .section-title {\r\n                font-size: 2.2rem;\r\n            }\r\n            \r\n            .contact-grid {\r\n                grid-template-columns: 1fr;\r\n            }\r\n            \r\n            .form-container {\r\n                padding: 30px 20px;\r\n            }\r\n            \r\n            .apps-grid {\r\n                gap: 20px;\r\n            }\r\n            \r\n            .app-card {\r\n                width: 130px;\r\n                padding: 20px;\r\n            }\r\n        }\r\n\r\n        @media (max-width: 480px) {\r\n            .contact-hero {\r\n                padding: 80px 0;\r\n            }\r\n            \r\n            .contact-hero h1 {\r\n                font-size: 2rem;\r\n            }\r\n            \r\n            .section-title {\r\n                font-size: 1.8rem;\r\n            }\r\n            \r\n            .apps-grid {\r\n                flex-direction: column;\r\n                align-items: center;\r\n            }\r\n            \r\n            .app-card {\r\n                width: 100%;\r\n                max-width: 200px;\r\n            }\r\n        }\r\n    <\/style>\r\n<\/head>\r\n<body>\r\n    <!-- Brand Header -->\r\n    <header class=\"brand-header\">\r\n        <div class=\"brand-container\">\r\n            <a href=\"#\" class=\"logo\">\r\n                <img decoding=\"async\" src=\"https:\/\/bwatmesaj.com\/wp-content\/uploads\/2023\/10\/logo.png\" alt=\"Bwatmesaj\">\r\n                \r\n            <\/a>\r\n        <\/div>\r\n    <\/header>\r\n\r\n    <!-- Hero Section -->\r\n    <section class=\"contact-hero\">\r\n        <div class=\"contact-hero-content\">\r\n            <h1>Get in Touch with Us<\/h1>\r\n            <p>Submit your query, and we'll <mark>get back to you within 24 hours<\/mark>. For instant replies, message us on WhatsApp, Messenger or Telegram!<\/p>\r\n        <\/div>\r\n    <\/section>\r\n\r\n    <!-- Contact Info Section -->\r\n    <section class=\"contact-info\">\r\n        <div class=\"container\">\r\n            <div class=\"contact-grid\">\r\n                <div class=\"contact-card\">\r\n                    <div class=\"contact-icon\">\r\n                        <i class=\"fas fa-map-marker-alt\"><\/i>\r\n                    <\/div>\r\n                    <h3>Adresse<\/h3>\r\n                    <p>#3, rue des pins Catalpa 17<\/p>\r\n                    <p>Delmas 33, Ha\u00efti<\/p>\r\n                <\/div>\r\n\r\n                <div class=\"contact-card\">\r\n                    <div class=\"contact-icon\">\r\n                        <i class=\"fas fa-envelope\"><\/i>\r\n                    <\/div>\r\n                    <h3>E-mail<\/h3>\r\n                    <p><a href=\"mailto:marketing@bwatmesaj.com\">marketing@bwatmesaj.com<\/a><\/p>\r\n                <\/div>\r\n\r\n                <div class=\"contact-card\">\r\n                    <div class=\"contact-icon\">\r\n                        <i class=\"fas fa-phone-alt\"><\/i>\r\n                    <\/div>\r\n                    <h3>T\u00e9l\u00e9phone<\/h3>\r\n                    <p><a href=\"tel:+50934953379\">+509 34953379<\/a><\/p>\r\n                <\/div>\r\n            <\/div>\r\n        <\/div>\r\n    <\/section>\r\n\r\n    <!-- Messaging Apps Section -->\r\n    <section class=\"messaging-apps\">\r\n        <div class=\"container\">\r\n            <div class=\"apps-container\">\r\n                <h2 class=\"apps-title\"><mark>Prefer Messaging Apps?<\/mark><\/h2>\r\n                <p class=\"apps-subtitle\">You can also reach us via these popular messaging platforms for faster response:<\/p>\r\n                \r\n                <div class=\"apps-grid\">\r\n                    <div class=\"app-card\">\r\n                        <div class=\"app-icon\">\r\n                            <img decoding=\"async\" src=\"https:\/\/bwatmesaj.com\/wp-content\/uploads\/2024\/12\/whatsapp-phone-circle-shape-brand_icon-icons.webp\" alt=\"WhatsApp\">\r\n                        <\/div>\r\n                        <div class=\"app-name\">WhatsApp<\/div>\r\n                    <\/div>\r\n\r\n                    <div class=\"app-card\">\r\n                        <div class=\"app-icon\">\r\n                            <img decoding=\"async\" src=\"https:\/\/bwatmesaj.com\/wp-content\/uploads\/2024\/12\/images-2.jpeg\" alt=\"Messenger\">\r\n                        <\/div>\r\n                        <div class=\"app-name\">Messenger<\/div>\r\n                    <\/div>\r\n\r\n                    <div class=\"app-card\">\r\n                        <div class=\"app-icon\">\r\n                            <img decoding=\"async\" src=\"https:\/\/bwatmesaj.com\/wp-content\/uploads\/2024\/12\/Telegram_alternative_logo.svg.png\" alt=\"Telegram\">\r\n                        <\/div>\r\n                        <div class=\"app-name\">Telegram<\/div>\r\n                    <\/div>\r\n                <\/div>\r\n\r\n                <div class=\"image-container\">\r\n                    <img decoding=\"async\" src=\"https:\/\/bwatmesaj.com\/wp-content\/uploads\/2024\/12\/sms-marketing.png\" alt=\"Communication\" style=\"max-width: 100%; border-radius: var(--border-radius);\">\r\n                <\/div>\r\n            <\/div>\r\n        <\/div>\r\n    <\/section>\r\n\r\n    <!-- Contact Form Section -->\r\n    <section class=\"contact-form-section\">\r\n        <div class=\"container\">\r\n            <div class=\"form-container\">\r\n                <h2 class=\"form-title\">Do You Have Questions?<\/h2>\r\n                <p class=\"form-subtitle\">Fill out the form below and our team will get back to you as soon as possible.<\/p>\r\n                \r\n                <div class=\"form-placeholder\">\r\n                    <i class=\"fas fa-form\"><\/i>\r\n                    <p><div class='fluentform ff-default fluentform_wrapper_1 ffs_default_wrap'><form data-form_id=\"1\" id=\"fluentform_1\" class=\"frm-fluent-form fluent_form_1 ff-el-form-top ff_form_instance_1_1 ff-form-loading ffs_default\" data-form_instance=\"ff_form_instance_1_1\" method=\"POST\" ><fieldset  style=\"border: none!important;margin: 0!important;padding: 0!important;background-color: transparent!important;box-shadow: none!important;outline: none!important; min-inline-size: 100%;\">\n                    <legend class=\"ff_screen_reader_title\" style=\"display: block; margin: 0!important;padding: 0!important;height: 0!important;text-indent: -999999px;width: 0!important;overflow:hidden;\">Contact Form Demo<\/legend><input type='hidden' name='__fluent_form_embded_post_id' value='10664' \/><input type=\"hidden\" id=\"_fluentform_1_fluentformnonce\" name=\"_fluentform_1_fluentformnonce\" value=\"309804b54d\" \/><input type=\"hidden\" name=\"_wp_http_referer\" value=\"\/fr\/wp-json\/wp\/v2\/pages\/10664\" \/><div data-type=\"name-element\" data-name=\"names\" class=\" ff-field_container ff-name-field-wrapper\" ><div class='ff-t-container'><div class='ff-t-cell '><div class='ff-el-group'><div class=\"ff-el-input--label asterisk-right\"><label for='ff_1_names_first_name_' id='label_ff_1_names_first_name_' >First Name<\/label><\/div><div class='ff-el-input--content'><input type=\"text\" name=\"names[first_name]\" id=\"ff_1_names_first_name_\" class=\"ff-el-form-control\" placeholder=\"First Name\" aria-invalid=\"false\" aria-required=false><\/div><\/div><\/div><div class='ff-t-cell '><div class='ff-el-group'><div class=\"ff-el-input--label asterisk-right\"><label for='ff_1_names_last_name_' id='label_ff_1_names_last_name_' >Last Name<\/label><\/div><div class='ff-el-input--content'><input type=\"text\" name=\"names[last_name]\" id=\"ff_1_names_last_name_\" class=\"ff-el-form-control\" placeholder=\"Last Name\" aria-invalid=\"false\" aria-required=false><\/div><\/div><\/div><\/div><\/div><div class='ff-el-group'><div class=\"ff-el-input--label ff-el-is-required asterisk-right\"><label for='ff_1_email' id='label_ff_1_email' aria-label=\"Email\">Email<\/label><\/div><div class='ff-el-input--content'><input type=\"email\" name=\"email\" id=\"ff_1_email\" class=\"ff-el-form-control\" placeholder=\"Email Address\" data-name=\"email\"  aria-invalid=\"false\" aria-required=true><\/div><\/div><div class='ff-el-group'><div class=\"ff-el-input--label asterisk-right\"><label for='ff_1_subject' id='label_ff_1_subject' aria-label=\"Subject\">Subject<\/label><\/div><div class='ff-el-input--content'><input type=\"text\" name=\"subject\" class=\"ff-el-form-control\" placeholder=\"Subject\" data-name=\"subject\" id=\"ff_1_subject\"  aria-invalid=\"false\" aria-required=false><\/div><\/div><div class='ff-el-group'><div class=\"ff-el-input--label ff-el-is-required asterisk-right\"><label for='ff_1_message' id='label_ff_1_message' aria-label=\"Your Message\">Your Message<\/label><\/div><div class='ff-el-input--content'><textarea aria-required=\"true\" aria-labelledby=\"label_ff_1_message\" name=\"message\" id=\"ff_1_message\" class=\"ff-el-form-control\" placeholder=\"Your Message\" rows=\"4\" cols=\"2\" data-name=\"message\" ><\/textarea><\/div><\/div><div class='ff-el-group ff-text-left ff_submit_btn_wrapper'><button type=\"submit\" class=\"ff-btn ff-btn-submit ff-btn-md ff_btn_style\"  aria-label=\"Submit Form\">Submit Form<\/button><\/div><\/fieldset><\/form><div id='fluentform_1_errors' class='ff-errors-in-stack ff_form_instance_1_1 ff-form-loading_errors ff_form_instance_1_1_errors'><\/div><\/div>            <script type=\"text\/javascript\">\n                window.fluent_form_ff_form_instance_1_1 = {\"id\":\"1\",\"settings\":{\"layout\":{\"labelPlacement\":\"top\",\"helpMessagePlacement\":\"with_label\",\"errorMessagePlacement\":\"inline\",\"cssClassName\":\"\",\"asteriskPlacement\":\"asterisk-right\"},\"restrictions\":{\"denyEmptySubmission\":{\"enabled\":false}}},\"form_instance\":\"ff_form_instance_1_1\",\"form_id_selector\":\"fluentform_1\",\"rules\":{\"names[first_name]\":{\"required\":{\"value\":false,\"message\":\"This field is required\"}},\"names[middle_name]\":{\"required\":{\"value\":false,\"message\":\"This field is required\"}},\"names[last_name]\":{\"required\":{\"value\":false,\"message\":\"This field is required\"}},\"email\":{\"required\":{\"value\":true,\"message\":\"This field is required\"},\"email\":{\"value\":true,\"message\":\"This field must contain a valid email\"}},\"subject\":{\"required\":{\"value\":false,\"message\":\"This field is required\"}},\"message\":{\"required\":{\"value\":true,\"message\":\"This field is required\"}}},\"debounce_time\":300};\n                            <\/script>\n            <\/p>\r\n                    <p class=\"small\">Contact form will be displayed here<\/p>\r\n                <\/div>\r\n            <\/div>\r\n        <\/div>\r\n    <\/section>\r\n\r\n    <!-- Live Chat Section -->\r\n    <section class=\"live-chat\">\r\n        <div class=\"live-chat-content\">\r\n            <h2>Need Immediate Assistance?<\/h2>\r\n            <p>Our sales team is ready to answer your questions in real-time. Start a live chat now!<\/p>\r\n            <a href=\"https:\/\/tawk.to\/chat\/67647003af5bfec1dbde711a\/1ifg5b44c\" class=\"btn btn-primary\">\r\n                <i class=\"fas fa-comments\"><\/i>\r\n                Live Chat With Sales\r\n            <\/a>\r\n            \r\n            <div style=\"margin-top: 40px;\">\r\n                <p>Or call us directly at:<\/p>\r\n                <a href=\"tel:+50934953379\" class=\"btn btn-outline\">\r\n                    <i class=\"fas fa-phone\"><\/i>\r\n                    (+509) 34953379\r\n                <\/a>\r\n            <\/div>\r\n        <\/div>\r\n    <\/section>\r\n\r\n    <script>\r\n        document.addEventListener('DOMContentLoaded', function() {\r\n            \/\/ Animation on scroll\r\n            const observerOptions = {\r\n                threshold: 0.1,\r\n                rootMargin: '0px 0px -50px 0px'\r\n            };\r\n\r\n            const observer = new IntersectionObserver((entries) => {\r\n                entries.forEach(entry => {\r\n                    if (entry.isIntersecting) {\r\n                        entry.target.style.animation = 'fadeInUp 0.8s ease-out forwards';\r\n                        observer.unobserve(entry.target);\r\n                    }\r\n                });\r\n            }, observerOptions);\r\n\r\n            \/\/ Observe all cards\r\n            document.querySelectorAll('.contact-card, .app-card').forEach(card => {\r\n                card.style.opacity = '0';\r\n                card.style.transform = 'translateY(30px)';\r\n                observer.observe(card);\r\n            });\r\n\r\n            \/\/ Add animation keyframes\r\n            const style = document.createElement('style');\r\n            style.textContent = `\r\n                @keyframes fadeInUp {\r\n                    from { opacity: 0; transform: translateY(30px); }\r\n                    to { opacity: 1; transform: translateY(0); }\r\n                }\r\n            `;\r\n            document.head.appendChild(style);\r\n        });\r\n    <\/script>\r\n<\/body>\r\n<\/html>\t\t\t\t<\/div>\n\t\t\t\t<\/div>\n\t\t\t\t<\/div>\n\t\t\t\t<\/div>\n\t\t","protected":false},"excerpt":{"rendered":"<p>Contact &#8211; Bwatmesaj Get in Touch with Us Submit your query, and we&#8217;ll get back to you within 24 hours. For instant replies, message us on WhatsApp, Messenger or Telegram! Adresse #3, rue des pins Catalpa 17 Delmas 33, Ha\u00efti E-mail marketing@bwatmesaj.com T\u00e9l\u00e9phone +509 34953379 Prefer Messaging Apps? You can also reach us via these [&hellip;]<\/p>\n","protected":false},"author":1,"featured_media":0,"parent":0,"menu_order":0,"comment_status":"closed","ping_status":"closed","template":"elementor_header_footer","meta":{"footnotes":""},"class_list":["post-10664","page","type-page","status-publish","hentry"],"_links":{"self":[{"href":"https:\/\/bwatmesaj.com\/fr\/wp-json\/wp\/v2\/pages\/10664","targetHints":{"allow":["GET"]}}],"collection":[{"href":"https:\/\/bwatmesaj.com\/fr\/wp-json\/wp\/v2\/pages"}],"about":[{"href":"https:\/\/bwatmesaj.com\/fr\/wp-json\/wp\/v2\/types\/page"}],"author":[{"embeddable":true,"href":"https:\/\/bwatmesaj.com\/fr\/wp-json\/wp\/v2\/users\/1"}],"replies":[{"embeddable":true,"href":"https:\/\/bwatmesaj.com\/fr\/wp-json\/wp\/v2\/comments?post=10664"}],"version-history":[{"count":69,"href":"https:\/\/bwatmesaj.com\/fr\/wp-json\/wp\/v2\/pages\/10664\/revisions"}],"predecessor-version":[{"id":19129,"href":"https:\/\/bwatmesaj.com\/fr\/wp-json\/wp\/v2\/pages\/10664\/revisions\/19129"}],"wp:attachment":[{"href":"https:\/\/bwatmesaj.com\/fr\/wp-json\/wp\/v2\/media?parent=10664"}],"curies":[{"name":"wp","href":"https:\/\/api.w.org\/{rel}","templated":true}]}}