{"id":16286,"date":"2024-07-17T18:15:50","date_gmt":"2024-07-17T12:15:50","guid":{"rendered":"https:\/\/hostim.themetags.com\/?page_id=16286"},"modified":"2025-09-10T16:09:23","modified_gmt":"2025-09-10T20:09:23","slug":"bulksms","status":"publish","type":"page","link":"https:\/\/bwatmesaj.com\/fr\/bulksms\/","title":{"rendered":"Masse mesasg"},"content":{"rendered":"<div data-elementor-type=\"wp-page\" data-elementor-id=\"16286\" class=\"elementor elementor-16286\">\n\t\t\t\t<div class=\"elementor-element elementor-element-84188e4 e-con-full e-flex e-con e-parent\" data-id=\"84188e4\" data-element_type=\"container\" data-e-type=\"container\">\n\t\t\t\t<div class=\"elementor-element elementor-element-4c337cf elementor-widget elementor-widget-html\" data-id=\"4c337cf\" data-element_type=\"widget\" data-e-type=\"widget\" data-widget_type=\"html.default\">\n\t\t\t\t<div class=\"elementor-widget-container\">\n\t\t\t\t\t<!DOCTYPE html>\r\n<html lang=\"fr\">\r\n<head>\r\n    <meta charset=\"UTF-8\">\r\n    <meta name=\"viewport\" content=\"width=device-width, initial-scale=1.0\">\r\n    <title>Who Benefits from Bulk SMS? - Bwatmesaj<\/title>\r\n    <link rel=\"stylesheet\" href=\"https:\/\/cdnjs.cloudflare.com\/ajax\/libs\/font-awesome\/6.4.0\/css\/all.min.css\">\r\n    <link href=\"https:\/\/fonts.googleapis.com\/css2?family=Inter:wght@300;400;500;600;700;800&display=swap\" rel=\"stylesheet\">\r\n    <style>\r\n        :root {\r\n            --primary-color: #A83A29;\r\n            --primary-light: #D2493A;\r\n            --primary-dark: #8C2B1D;\r\n            --secondary-color: #000000;\r\n            --accent-color: #FF6B47;\r\n            --text-dark: #1E1E1E;\r\n            --text-light: #666666;\r\n            --text-white: #FFFFFF;\r\n            --bg-light: #F8F9FA;\r\n            --bg-white: #FFFFFF;\r\n            --bg-dark: #121212;\r\n            --gradient: linear-gradient(135deg, #A83A29 0%, #D2493A 100%);\r\n            --gradient-light: linear-gradient(135deg, rgba(168, 58, 41, 0.1) 0%, rgba(210, 73, 58, 0.1) 100%);\r\n            --shadow: 0 10px 40px rgba(168, 58, 41, 0.15);\r\n            --shadow-hover: 0 20px 60px rgba(168, 58, 41, 0.25);\r\n            --border-radius: 16px;\r\n            --transition: all 0.3s cubic-bezier(0.25, 0.8, 0.25, 1);\r\n        }\r\n\r\n\r\n\r\n        .section-header {\r\n            text-align: center;\r\n            margin-bottom: 60px;\r\n        }\r\n\r\n        .section-title {\r\n            font-size: 2.8rem;\r\n            font-weight: 800;\r\n            margin-bottom: 20px;\r\n            color: var(--secondary-color);\r\n        }\r\n\r\n        .section-subtitle {\r\n            font-size: 1.2rem;\r\n            color: var(--text-light);\r\n            max-width: 800px;\r\n            margin: 0 auto;\r\n            line-height: 1.6;\r\n        }\r\n\r\n        .highlight {\r\n            background: var(--gradient);\r\n            -webkit-background-clip: text;\r\n            -webkit-text-fill-color: transparent;\r\n            background-clip: text;\r\n        }\r\n\r\n        \/* Hero Section *\/\r\n        .benefits-hero {\r\n            background: var(--gradient);\r\n            padding: 100px 0;\r\n            color: white;\r\n            text-align: center;\r\n            position: relative;\r\n            overflow: hidden;\r\n        }\r\n\r\n        .benefits-hero::before {\r\n            content: '';\r\n            position: absolute;\r\n            top: 0;\r\n            left: 0;\r\n            right: 0;\r\n            bottom: 0;\r\n            background: url('data:image\/svg+xml,<svg xmlns=\"http:\/\/www.w3.org\/2000\/svg\" viewBox=\"0 0 100 100\"><defs><pattern id=\"grid\" width=\"10\" height=\"10\" patternUnits=\"userSpaceOnUse\"><path d=\"M 10 0 L 0 0 0 10\" fill=\"none\" stroke=\"rgba(255,255,255,0.1)\" stroke-width=\"0.5\"\/><\/pattern><\/defs><rect width=\"100\" height=\"100\" fill=\"url(%23grid)\"\/><\/svg>');\r\n            opacity: 0.3;\r\n        }\r\n\r\n        .benefits-hero-content {\r\n            max-width: 800px;\r\n            margin: 0 auto;\r\n            padding: 0 20px;\r\n            position: relative;\r\n            z-index: 2;\r\n        }\r\n\r\n        .benefits-hero h1 {\r\n            font-size: 3.5rem;\r\n            font-weight: 800;\r\n            margin-bottom: 20px;\r\n        }\r\n\r\n        .benefits-hero p {\r\n            font-size: 1.2rem;\r\n            opacity: 0.9;\r\n            margin-bottom: 40px;\r\n            line-height: 1.6;\r\n        }\r\n\r\n        \/* Divider *\/\r\n        .divider {\r\n            width: 100px;\r\n            height: 3px;\r\n            background: var(--gradient);\r\n            margin: 30px auto;\r\n            border-radius: 2px;\r\n        }\r\n\r\n        \/* Industries Section *\/\r\n        .industries {\r\n            padding: 100px 0;\r\n            background: var(--bg-light);\r\n        }\r\n\r\n        .industries-grid {\r\n            display: grid;\r\n            grid-template-columns: repeat(auto-fit, minmax(500px, 1fr));\r\n            gap: 40px;\r\n        }\r\n\r\n        .industry-card {\r\n            background: white;\r\n            padding: 40px;\r\n            border-radius: var(--border-radius);\r\n            box-shadow: var(--shadow);\r\n            transition: var(--transition);\r\n            display: flex;\r\n            align-items: flex-start;\r\n            gap: 25px;\r\n            border-left: 4px solid var(--primary-color);\r\n        }\r\n\r\n        .industry-card:hover {\r\n            transform: translateY(-5px);\r\n            box-shadow: var(--shadow-hover);\r\n        }\r\n\r\n        .industry-icon {\r\n            width: 80px;\r\n            height: 80px;\r\n            background: var(--gradient-light);\r\n            border-radius: 50%;\r\n            display: flex;\r\n            align-items: center;\r\n            justify-content: center;\r\n            flex-shrink: 0;\r\n        }\r\n\r\n        .industry-icon i {\r\n            font-size: 2rem;\r\n            color: var(--primary-color);\r\n        }\r\n\r\n        .industry-content h3 {\r\n            font-size: 1.4rem;\r\n            font-weight: 700;\r\n            margin-bottom: 15px;\r\n            color: var(--secondary-color);\r\n        }\r\n\r\n        .industry-content p {\r\n            color: var(--text-light);\r\n            line-height: 1.6;\r\n        }\r\n\r\n        \/* Bulk SMS Definition Section *\/\r\n        .definition {\r\n            padding: 100px 0;\r\n            background: white;\r\n        }\r\n\r\n        .definition-container {\r\n            display: grid;\r\n            grid-template-columns: 1fr 1fr;\r\n            gap: 60px;\r\n            align-items: center;\r\n        }\r\n\r\n        .definition-content h2 {\r\n            font-size: 2.5rem;\r\n            font-weight: 800;\r\n            margin-bottom: 20px;\r\n            color: var(--secondary-color);\r\n        }\r\n\r\n        .definition-content p {\r\n            font-size: 1.1rem;\r\n            color: var(--text-light);\r\n            margin-bottom: 30px;\r\n            line-height: 1.6;\r\n        }\r\n\r\n        .definition-image {\r\n            border-radius: var(--border-radius);\r\n            overflow: hidden;\r\n            box-shadow: var(--shadow);\r\n        }\r\n\r\n        .definition-image img {\r\n            width: 100%;\r\n            height: auto;\r\n            display: block;\r\n        }\r\n\r\n        mark {\r\n            background: var(--gradient);\r\n            color: white;\r\n            padding: 2px 5px;\r\n            border-radius: 4px;\r\n        }\r\n\r\n        \/* Reviews Section *\/\r\n        .reviews {\r\n            padding: 100px 0;\r\n            background: var(--bg-light);\r\n        }\r\n\r\n        .reviews-grid {\r\n            display: grid;\r\n            grid-template-columns: repeat(auto-fit, minmax(300px, 1fr));\r\n            gap: 40px;\r\n            margin-top: 60px;\r\n        }\r\n\r\n        .review-card {\r\n            background: white;\r\n            padding: 30px;\r\n            border-radius: var(--border-radius);\r\n            box-shadow: var(--shadow);\r\n            text-align: center;\r\n            transition: var(--transition);\r\n        }\r\n\r\n        .review-card:hover {\r\n            transform: translateY(-5px);\r\n            box-shadow: var(--shadow-hover);\r\n        }\r\n\r\n        .review-logo {\r\n            height: 40px;\r\n            margin-bottom: 20px;\r\n            object-fit: contain;\r\n        }\r\n\r\n        .review-stars {\r\n            display: flex;\r\n            justify-content: center;\r\n            gap: 5px;\r\n            margin-bottom: 15px;\r\n        }\r\n\r\n        .review-stars i {\r\n            color: #FFD700;\r\n            font-size: 1.2rem;\r\n        }\r\n\r\n        .review-rating {\r\n            font-size: 2rem;\r\n            font-weight: 800;\r\n            color: var(--primary-color);\r\n            margin-bottom: 10px;\r\n        }\r\n\r\n        .review-platform {\r\n            color: var(--text-light);\r\n            font-weight: 500;\r\n        }\r\n\r\n        \/* Brand Header *\/\r\n        .brand-header {\r\n            background: white;\r\n            padding: 20px 0;\r\n            box-shadow: 0 2px 10px rgba(0, 0, 0, 0.1);\r\n        }\r\n\r\n        .brand-container {\r\n            max-width: 1200px;\r\n            margin: 0 auto;\r\n            padding: 0 20px;\r\n            display: flex;\r\n            justify-content: space-between;\r\n            align-items: center;\r\n        }\r\n\r\n        .logo {\r\n            display: flex;\r\n            align-items: center;\r\n            gap: 10px;\r\n            text-decoration: none;\r\n        }\r\n\r\n        .logo img {\r\n            height: 40px;\r\n        }\r\n\r\n        .logo-text {\r\n            font-size: 1.5rem;\r\n            font-weight: 800;\r\n            color: var(--primary-color);\r\n        }\r\n\r\n        \/* Responsive *\/\r\n        @media (max-width: 1024px) {\r\n            .industries-grid {\r\n                grid-template-columns: 1fr;\r\n            }\r\n            \r\n            .definition-container {\r\n                grid-template-columns: 1fr;\r\n                gap: 40px;\r\n            }\r\n        }\r\n\r\n        @media (max-width: 768px) {\r\n            .benefits-hero h1 {\r\n                font-size: 2.5rem;\r\n            }\r\n            \r\n            .section-title {\r\n                font-size: 2.2rem;\r\n            }\r\n            \r\n            .industry-card {\r\n                flex-direction: column;\r\n                text-align: center;\r\n                padding: 30px 20px;\r\n            }\r\n            \r\n            .industry-icon {\r\n                margin: 0 auto;\r\n            }\r\n            \r\n            .reviews-grid {\r\n                grid-template-columns: 1fr;\r\n            }\r\n        }\r\n\r\n        @media (max-width: 480px) {\r\n            .benefits-hero {\r\n                padding: 80px 0;\r\n            }\r\n            \r\n            .benefits-hero h1 {\r\n                font-size: 2rem;\r\n            }\r\n            \r\n            .section-title {\r\n                font-size: 1.8rem;\r\n            }\r\n            \r\n            .definition-content h2 {\r\n                font-size: 2rem;\r\n            }\r\n        }\r\n    <\/style>\r\n<\/head>\r\n<body>\r\n    <!-- Brand Header -->\r\n    <header class=\"brand-header\">\r\n        <div class=\"brand-container\">\r\n            <a href=\"#\" class=\"logo\">\r\n                <img decoding=\"async\" src=\"https:\/\/bwatmesaj.com\/wp-content\/uploads\/2023\/10\/logo.png\" alt=\"Bwatmesaj\">\r\n               \r\n            <\/a>\r\n        <\/div>\r\n    <\/header>\r\n\r\n    <!-- Hero Section -->\r\n    <section class=\"benefits-hero\">\r\n        <div class=\"benefits-hero-content\">\r\n            <h1>Qui b\u00e9n\u00e9ficie du SMS en masse ?<\/h1>\r\n            <p>La technologie SMS en masse est polyvalente et largement utilis\u00e9e dans diverses industries en raison de son accessibilit\u00e9, de sa rapidit\u00e9 et de sa fiabilit\u00e9. Contrairement aux r\u00e9seaux sociaux ou aux e-mails, le SMS en masse offre une efficacit\u00e9 in\u00e9gal\u00e9e en envoyant des messages \u00e0 un grand nombre de destinataires en quelques secondes, quel que soit leur emplacement.<\/p>\r\n        <\/div>\r\n    <\/section>\r\n\r\n    <!-- Industries Section -->\r\n    <section class=\"industries\">\r\n        <div class=\"container\">\r\n            <div class=\"section-header\">\r\n                <h2 class=\"section-title\">Industries qui <span class=\"highlight\">B\u00e9n\u00e9ficiez des SMS en masse<\/span><\/h2>\r\n                <p class=\"section-subtitle\">D\u00e9couvrez comment diff\u00e9rents secteurs exploitent la puissance du marketing par SMS<\/p>\r\n            <\/div>\r\n\r\n            <div class=\"industries-grid\">\r\n                <div class=\"industry-card\">\r\n                    <div class=\"industry-icon\">\r\n                        <i class=\"fas fa-dice\"><\/i>\r\n                    <\/div>\r\n                    <div class=\"industry-content\">\r\n                        <h3>Industrie du jeu<\/h3>\r\n                        <p>Les plateformes de jeux en ligne, les loteries et les sites de jeux d'argent utilisent largement le SMS en masse pour envoyer des messages de bienvenue, annoncer des offres gratuites et informer les utilisateurs des \u00e9v\u00e9nements sp\u00e9ciaux.<\/p>\r\n                    <\/div>\r\n                <\/div>\r\n\r\n                <div class=\"industry-card\">\r\n                    <div class=\"industry-icon\">\r\n                        <i class=\"fas fa-shopping-cart\"><\/i>\r\n                    <\/div>\r\n                    <div class=\"industry-content\">\r\n                        <h3>E-commerce<\/h3>\r\n                        <p>Les entreprises de commerce \u00e9lectronique utilisent le SMS en masse pour stimuler les ventes. Les codes de r\u00e9duction par SMS affichent \u00e0 eux seuls un taux de conversion d'achat de 10 \u00e0 20 %. Les offres sp\u00e9ciales par SMS cr\u00e9ent de la valeur et encouragent les achats r\u00e9p\u00e9t\u00e9s.<\/p>\r\n                    <\/div>\r\n                <\/div>\r\n\r\n                <div class=\"industry-card\">\r\n                    <div class=\"industry-icon\">\r\n                        <i class=\"fas fa-store\"><\/i>\r\n                    <\/div>\r\n                    <div class=\"industry-content\">\r\n                        <h3>Petites et moyennes entreprises (PME)<\/h3>\r\n                        <p>Les marketeurs trouvent que le SMS en masse est tr\u00e8s efficace pour les promotions. Les recherches montrent que 76 % des personnes accueillent favorablement les messages texte promotionnels, y compris les mises \u00e0 jour sur les r\u00e9ductions, les \u00e9v\u00e9nements exclusifs et les rappels.<\/p>\r\n                    <\/div>\r\n                <\/div>\r\n\r\n                <div class=\"industry-card\">\r\n                    <div class=\"industry-icon\">\r\n                        <i class=\"fas fa-laptop\"><\/i>\r\n                    <\/div>\r\n                    <div class=\"industry-content\">\r\n                        <h3>Services en ligne<\/h3>\r\n                        <p>Le SMS en masse sert de canal de communication s\u00e9curis\u00e9 pour les services en ligne. Il prend en charge l'authentification \u00e0 deux facteurs, les mises \u00e0 jour de solde de compte, les changements de prix, et bien plus encore.<\/p>\r\n                    <\/div>\r\n                <\/div>\r\n\r\n                <div class=\"industry-card\">\r\n                    <div class=\"industry-icon\">\r\n                        <i class=\"fas fa-university\"><\/i>\r\n                    <\/div>\r\n                    <div class=\"industry-content\">\r\n                        <h3>Banques et compagnies d'assurances<\/h3>\r\n                        <p>Les banques utilisent le SMS en masse pour envoyer des codes de v\u00e9rification, des mises \u00e0 jour de solde de compte, des mots de passe \u00e0 usage unique, des alertes de pr\u00e9l\u00e8vement automatique et des notifications transactionnelles.<\/p>\r\n                    <\/div>\r\n                <\/div>\r\n\r\n                <div class=\"industry-card\">\r\n                    <div class=\"industry-icon\">\r\n                        <i class=\"fas fa-building\"><\/i>\r\n                    <\/div>\r\n                    <div class=\"industry-content\">\r\n                        <h3>Grandes entreprises<\/h3>\r\n                        <p>Les grandes entreprises utilisent le SMS en masse pour les communications internes, telles que la distribution de sondages, l'envoi de rappels et l'information des employ\u00e9s sur les \u00e9v\u00e9nements d'entreprise.<\/p>\r\n                    <\/div>\r\n                <\/div>\r\n            <\/div>\r\n        <\/div>\r\n    <\/section>\r\n\r\n    <!-- Bulk SMS Definition Section -->\r\n    <section class=\"definition\">\r\n        <div class=\"container\">\r\n            <div class=\"definition-container\">\r\n                <div class=\"definition-content\">\r\n                    <h2>Qu'est-ce que <mark>Bulk SMS?<\/mark><\/h2>\r\n                    <p>Les SMS en masse permettent d'envoyer des centaines, des milliers, voire des millions de SMS \u00e0 des destinataires locaux et internationaux en quelques clics. C'est une solution \u00e9conomique dont le prix par message diminue avec les volumes.<\/p>\r\n                    <div class=\"divider\"><\/div>\r\n                    <p>Que vous soyez une petite entreprise ou une grande soci\u00e9t\u00e9, notre plateforme fournit les outils dont vous avez besoin pour atteindre efficacement votre public gr\u00e2ce au marketing par SMS.<\/p>\r\n                <\/div>\r\n                <div class=\"definition-image\">\r\n                    <img decoding=\"async\" src=\"https:\/\/bwatmesaj.com\/wp-content\/uploads\/2024\/12\/messaging-concept-illustration_114360-1008.jpg\" alt=\"Bulk SMS Illustration\">\r\n                <\/div>\r\n            <\/div>\r\n        <\/div>\r\n    <\/section>\r\n\r\n    <!-- Reviews Section -->\r\n    <section class=\"reviews\">\r\n        <div class=\"container\">\r\n            <div class=\"section-header\">\r\n                <h2 class=\"section-title\">Approuv\u00e9 par <span class=\"highlight\">Entreprises du monde entier<\/span><\/h2>\r\n                <p class=\"section-subtitle\">D\u00e9couvrez ce que nos clients disent de nos services de SMS en masse<\/p>\r\n            <\/div>\r\n\r\n            <div class=\"reviews-grid\">\r\n                <div class=\"review-card\">\r\n                    <img decoding=\"async\" src=\"https:\/\/bwatmesaj.com\/wp-content\/uploads\/2022\/07\/google.png\" alt=\"Google\" class=\"review-logo\">\r\n                    <div class=\"review-stars\">\r\n                        <i class=\"fas fa-star\"><\/i>\r\n                        <i class=\"fas fa-star\"><\/i>\r\n                        <i class=\"fas fa-star\"><\/i>\r\n                        <i class=\"fas fa-star\"><\/i>\r\n                        <i class=\"fas fa-star-half-alt\"><\/i>\r\n                    <\/div>\r\n                    <div class=\"review-rating\">4.5\/5<\/div>\r\n                    <div class=\"review-platform\">Google Reviews<\/div>\r\n                <\/div>\r\n\r\n                <div class=\"review-card\">\r\n                    <img decoding=\"async\" src=\"https:\/\/bwatmesaj.com\/wp-content\/uploads\/2022\/07\/trust-pilot-logo-black.png\" alt=\"Trustpilot\" class=\"review-logo\">\r\n                    <div class=\"review-stars\">\r\n                        <i class=\"fas fa-star\"><\/i>\r\n                        <i class=\"fas fa-star\"><\/i>\r\n                        <i class=\"fas fa-star\"><\/i>\r\n                        <i class=\"fas fa-star\"><\/i>\r\n                        <i class=\"fas fa-star-half-alt\"><\/i>\r\n                    <\/div>\r\n                    <div class=\"review-rating\">4.5\/5<\/div>\r\n                    <div class=\"review-platform\">Trustpilot<\/div>\r\n                <\/div>\r\n\r\n                <div class=\"review-card\">\r\n                    <img decoding=\"async\" src=\"https:\/\/bwatmesaj.com\/wp-content\/uploads\/2022\/09\/capterra.svg\" alt=\"Capterra\" class=\"review-logo\">\r\n                    <div class=\"review-stars\">\r\n                        <i class=\"fas fa-star\"><\/i>\r\n                        <i class=\"fas fa-star\"><\/i>\r\n                        <i class=\"fas fa-star\"><\/i>\r\n                        <i class=\"fas fa-star\"><\/i>\r\n                        <i class=\"fas fa-star-half-alt\"><\/i>\r\n                    <\/div>\r\n                    <div class=\"review-rating\">4.5\/5<\/div>\r\n                    <div class=\"review-platform\">Capterra<\/div>\r\n                <\/div>\r\n            <\/div>\r\n        <\/div>\r\n    <\/section>\r\n\r\n    <script>\r\n        document.addEventListener('DOMContentLoaded', function() {\r\n            \/\/ Animation on scroll\r\n            const observerOptions = {\r\n                threshold: 0.1,\r\n                rootMargin: '0px 0px -50px 0px'\r\n            };\r\n\r\n            const observer = new IntersectionObserver((entries) => {\r\n                entries.forEach(entry => {\r\n                    if (entry.isIntersecting) {\r\n                        entry.target.style.animation = 'fadeInUp 0.8s ease-out forwards';\r\n                        observer.unobserve(entry.target);\r\n                    }\r\n                });\r\n            }, observerOptions);\r\n\r\n            \/\/ Observe all industry cards and review cards\r\n            document.querySelectorAll('.industry-card, .review-card').forEach(card => {\r\n                card.style.opacity = '0';\r\n                card.style.transform = 'translateY(30px)';\r\n                observer.observe(card);\r\n            });\r\n\r\n            \/\/ Add animation keyframes\r\n            const style = document.createElement('style');\r\n            style.textContent = `\r\n                @keyframes fadeInUp {\r\n                    from { opacity: 0; transform: translateY(30px); }\r\n                    to { opacity: 1; transform: translateY(0); }\r\n                }\r\n            `;\r\n            document.head.appendChild(style);\r\n        });\r\n    <\/script>\r\n<\/body>\r\n<\/html>\t\t\t\t<\/div>\n\t\t\t\t<\/div>\n\t\t\t\t<\/div>\n\t\t\t\t<\/div>","protected":false},"excerpt":{"rendered":"<p>Who Benefits from Bulk SMS? &#8211; Bwatmesaj Who Benefits from Bulk SMS? Bulk SMS technology is versatile and widely used across various industries due to its affordability, speed, and reliability. Unlike social media or email, bulk SMS offers unmatched efficiency by delivering messages to countless recipients within seconds, no matter their location. Industries That Benefit [&hellip;]<\/p>\n","protected":false},"author":1,"featured_media":0,"parent":0,"menu_order":0,"comment_status":"closed","ping_status":"closed","template":"elementor_header_footer","meta":{"footnotes":""},"class_list":["post-16286","page","type-page","status-publish","hentry"],"_links":{"self":[{"href":"https:\/\/bwatmesaj.com\/fr\/wp-json\/wp\/v2\/pages\/16286","targetHints":{"allow":["GET"]}}],"collection":[{"href":"https:\/\/bwatmesaj.com\/fr\/wp-json\/wp\/v2\/pages"}],"about":[{"href":"https:\/\/bwatmesaj.com\/fr\/wp-json\/wp\/v2\/types\/page"}],"author":[{"embeddable":true,"href":"https:\/\/bwatmesaj.com\/fr\/wp-json\/wp\/v2\/users\/1"}],"replies":[{"embeddable":true,"href":"https:\/\/bwatmesaj.com\/fr\/wp-json\/wp\/v2\/comments?post=16286"}],"version-history":[{"count":43,"href":"https:\/\/bwatmesaj.com\/fr\/wp-json\/wp\/v2\/pages\/16286\/revisions"}],"predecessor-version":[{"id":19126,"href":"https:\/\/bwatmesaj.com\/fr\/wp-json\/wp\/v2\/pages\/16286\/revisions\/19126"}],"wp:attachment":[{"href":"https:\/\/bwatmesaj.com\/fr\/wp-json\/wp\/v2\/media?parent=16286"}],"curies":[{"name":"wp","href":"https:\/\/api.w.org\/{rel}","templated":true}]}}